{"id":57,"date":"2016-04-29T11:42:53","date_gmt":"2016-04-29T09:42:53","guid":{"rendered":"http:\/\/demo.knepptec.de\/chris-pannwitz\/formulare\/?page_id=57"},"modified":"2024-10-15T12:54:24","modified_gmt":"2024-10-15T10:54:24","slug":"impressum","status":"publish","type":"page","link":"https:\/\/www.dresden-versichern.de\/schadensmeldung\/impressum\/","title":{"rendered":"Impressum"},"content":{"rendered":"<h3><strong>Angaben gem\u00e4\u00df \u00a7 5 DDG<\/strong><\/h3>\n<h4>Rechtliche Informationen und Kontakte<\/h4>\n<table width=\"0\">\n<tbody>\n<tr>\n<td width=\"292\"><strong>Anschrift:<\/strong><\/td>\n<td width=\"908\">Maklerb\u00fcro f\u00fcr Versicherungen &amp; Finanzen<br \/>\nChris Pannwitz<br \/>\nEduard-Bilz Stra\u00dfe 8<br \/>\n01445 Radebeul<\/td>\n<\/tr>\n<tr>\n<td width=\"292\"><strong>Weitere Kontaktaufnahmem\u00f6glichkeiten:<\/strong><\/td>\n<td width=\"908\">Telefon: 0351\/ 888 268 22<br \/>\nTelefax: 0351 46561025<br \/>\nE-Mail:\u00a0info@dresden-versichern.de<\/td>\n<\/tr>\n<tr>\n<td width=\"292\"><strong><span class=\"article-body\">Verantwortlicher i.S.d. \u00a7 18 Abs. 2 MStV<\/span> f\u00fcr die Inhalte dieser<\/strong><br \/>\n<strong>Internetseiten sowie f\u00fcr unsere Profile auf Xing, Facebook,<\/strong><br \/>\n<strong>Twitter &amp; YouTube:<\/strong><\/td>\n<td width=\"908\">Chris Pannwitz<\/td>\n<\/tr>\n<tr>\n<td width=\"292\"><strong>Gesch\u00e4ftssitz:<\/strong><\/td>\n<td width=\"908\">Eduard-Bilz Stra\u00dfe 8<br \/>\n01445 Radebeul<\/td>\n<\/tr>\n<\/tbody>\n<\/table>\n<h4>Aufsichtsbeh\u00f6rden<\/h4>\n<table width=\"0\">\n<tbody>\n<tr>\n<td width=\"283\"><strong>Beh\u00f6rde f\u00fcr die Erlaubnis nach \u00a7 34 d Abs. 1 GewO:<\/strong><\/td>\n<td width=\"917\">Industrie- und Handelskammer Dresden<br \/>\nLanger Weg 4<br \/>\n01239 Dresden<br \/>\nTelefon: 0351 2802-0E-Mail:\u00a0<a href=\"mailto:service@dresden.ihk.de?subject=Kontakt%20ueber%20Portal%20der%20Industrie-%20und%20Handelskammer%20Dresden\">service@dresden.ihk.de<\/a><br \/>\nWeb:\u00a0<a href=\"https:\/\/www.dresden.ihk.de\/\">https:\/\/www.dresden.ihk.de<\/a>Versicherungsvermittlerregister (einsehbar unter\u00a0<a href=\"http:\/\/www.vermittlerregister.info\/\">www.vermittlerregister.info<\/a>)Registrierungsnummer gem. \u00a7 11 a Abs. 1 GewO: D-WKUU-RXNNT-82<\/td>\n<\/tr>\n<\/tbody>\n<\/table>\n<h4>Sonstige<\/h4>\n<table width=\"0\">\n<tbody>\n<tr>\n<td width=\"283\"><strong>Berufshaftpflichtversicherung:<\/strong><\/td>\n<td width=\"917\">ERGO Versicherung AG, 40198 D\u00fcsseldorf \u2013<br \/>\nVersicherungssumme 2.000.000 \u20ac f\u00fcr Versicherungsvermittlung<\/td>\n<\/tr>\n<tr>\n<td width=\"283\"><strong>Berufsbezeichnung:<\/strong><\/td>\n<td width=\"917\"><strong>Versicherungsmakler<\/strong>\u00a0mit Erlaubnis nach \u00a7 34 d Abs. 1 GewO,<br \/>\nBundesrepublik Deutschland<\/td>\n<\/tr>\n<tr>\n<td width=\"283\"><strong>Berufsrechtliche Regelungen:<\/strong><\/td>\n<td width=\"917\">\u00a7 34d Gewerbeordnung (GewO)<br \/>\n\u00a7\u00a7 59-68 Gesetz \u00fcber den Versicherungsvertrag (VVG)Verordnung \u00fcber die Versicherungsvermittlung und \u2013beratung (VersVermV)Die berufsrechtlichen Regelungen k\u00f6nnen \u00fcber die vom Bundesministerium der Justiz und der juris GmbH betriebenen Homepage\u00a0<a href=\"http:\/\/www.gesetze-im-internet.de\/\">www.gesetze-im-internet.de<\/a>\u00a0eingesehen und abgerufen werden.<\/td>\n<\/tr>\n<tr>\n<td width=\"283\"><strong>Gemeinsame Registerstelle im Sinne des \u00a7 15 Abs. 1 Nr. 9 VersVermV:<\/strong><\/td>\n<td width=\"917\">Deutscher Industrie- und Handelskammertag (DIHK) e.V.<br \/>\nBreite Stra\u00dfe 29<br \/>\n10178 Berlin<br \/>\nTelefon:\u00a0<a href=\"tel:+49%20(0)30%2020%20308-0\">+49 (0)30 20 308-0<\/a><br \/>\nTelefon 0180-600-585-0 ** 20 Cent\/Anruf aus dem deutschen Festnetz, h\u00f6chstens 60 Cent\/Anruf aus Mobilfunknetzen<br \/>\nRegisterabruf unter\u00a0<a href=\"http:\/\/www.vermittlerregister.info\/\">www.vermittlerregister.info<\/a>\u00a0unter Registernummer D-WKUU-RXNNT-82<\/td>\n<\/tr>\n<tr>\n<td width=\"283\"><strong>Zust\u00e4ndige Berufskammer:<\/strong><\/td>\n<td width=\"917\">Industrie- und Handelskammer Dresden<br \/>\nLanger Weg 4<br \/>\n01239 DresdenTelefon:\u00a00351 2802-0<br \/>\nE-Mail:\u00a0<a href=\"mailto:service@dresden.ihk.de?subject=Kontakt%20ueber%20Portal%20der%20Industrie-%20und%20Handelskammer%20Dresden\">service@dresden.ihk.de<\/a><br \/>\nWeb:\u00a0<a href=\"https:\/\/www.dresden.ihk.de\/\">https:\/\/www.dresden.ihk.de<\/a><\/td>\n<\/tr>\n<tr>\n<td width=\"283\"><strong>Streitbeilegung\/Schlichtungsstellen:<\/strong><\/td>\n<td width=\"917\">Bei Fragen zu Ihren Versicherungsvertr\u00e4gen oder bei Unstimmigkeiten wenden Sie sich bitte zuerst an uns als Ihren Versicherungsmakler.Wir sind gem\u00e4\u00df \u00a7 17 Abs. 4 der Versicherungsvermittlungsverordnung verpflichtet am Streitbeilegungsverfahren vor folgenden Verbraucherschlichtungsstellen teilzunehmen:Versicherungsombudsmann e.V.<br \/>\nPostfach 08 06 32<br \/>\n10006 Berlin<br \/>\n<a href=\"http:\/\/www.versicherungsombudsmann.de\/\">www.versicherungsombudsmann.de<\/a><\/p>\n<p>Ombudsmann f\u00fcr die private Kranken- und Pflegeversicherung<br \/>\nKronenstrasse 13<br \/>\n10117 Berlin<br \/>\n<a href=\"http:\/\/www.pkv-ombudsmann.de\/\">www.pkv-ombudsmann.de<\/a><\/p>\n<p>Ombudsmann der privaten Bausparkassen<br \/>\nPostfach 303079<br \/>\n10730 Berlin<br \/>\n<u>www.schlichtungsstelle-bausparen.de<\/u><\/td>\n<\/tr>\n<tr>\n<td width=\"283\"><strong>Branche \/ T\u00e4tigkeit des Unternehmens:<\/strong><\/td>\n<td width=\"917\">Versicherungsmakler, Beratung von Finanzdienstleistern und Dienstleister f\u00fcr angebundene Mehrfachagenten.<\/td>\n<\/tr>\n<tr>\n<td width=\"283\"><strong>Technische Realisierung und Design:<\/strong><\/td>\n<td width=\"917\">Chris PannwitzComputer Center Werner<br \/>\nChemnitzer Stra\u00dfe 32<br \/>\n09212 Limbach-Oberfrohna<\/td>\n<\/tr>\n<tr>\n<td width=\"283\"><strong>Bildnachweise:<\/strong><\/td>\n<td width=\"917\"><strong>Bilder im Slider auf der Startseite<\/strong><em>:<\/em><em><br \/>\nBlaues Wunder Dresden \u00a9 fl0ri0604 \/ Fotolia.com<br \/>\nPen on document and glass of water \u00a9 pressmaster\/ Fotolia.com<\/em><strong>Bilder zum Inhalt auf der Startseite<\/strong><em>:<\/em><em><br \/>\nbusinessman shaking hands to seal a deal with his partne \u00a9 FotolEdhar\/ Fotolia.com<\/em><\/td>\n<\/tr>\n<\/tbody>\n<\/table>\n<h3><strong>Haftungsausschluss<\/strong><\/h3>\n<ol>\n<li><strong> Inhalt des Onlineangebotes<\/strong><br \/>\nDer Autor \u00fcbernimmt keinerlei Gew\u00e4hr f\u00fcr die Aktualit\u00e4t, Korrektheit, Vollst\u00e4ndigkeit oder Qualit\u00e4t der bereitgestellten Informationen. Haftungsanspr\u00fcche gegen den Autor, welche sich auf Sch\u00e4den materieller oder ideeller Art beziehen, die durch die Nutzung oder Nichtnutzung der dargebotenen Informationen bzw. durch die Nutzung fehlerhafter und unvollst\u00e4ndiger Informationen verursacht wurden, sind grunds\u00e4tzlich ausgeschlossen, sofern seitens des Autors kein nachweislich vors\u00e4tzliches oder grob fahrl\u00e4ssiges Verschulden vorliegt.<br \/>\nAlle Angebote sind freibleibend und unverbindlich. Der Autor beh\u00e4lt es sich ausdr\u00fccklich vor, Teile der Seiten oder das gesamte Angebot ohne gesonderte Ank\u00fcndigung zu ver\u00e4ndern, zu erg\u00e4nzen, zu l\u00f6schen oder die Ver\u00f6ffentlichung zeitweise oder endg\u00fcltig einzustellen.<\/li>\n<li><strong> Verweise und Links<\/strong><br \/>\nBei direkten oder indirekten Verweisen auf fremde Webseiten (\u201eHyperlinks\u201c), die au\u00dferhalb des Verantwortungsbereiches des Autors liegen, w\u00fcrde eine Haftungsverpflichtung ausschlie\u00dflich in dem Fall in Kraft treten, in dem der Autor von den Inhalten Kenntnis hat und es ihm technisch m\u00f6glich und zumutbar w\u00e4re, die Nutzung im Falle rechtswidriger Inhalte zu verhindern.<br \/>\nDer Autor erkl\u00e4rt hiermit ausdr\u00fccklich, dass zum Zeitpunkt der Linksetzung keine illegalen Inhalte auf den zu verlinkenden Seiten erkennbar waren. Auf die aktuelle und zuk\u00fcnftige Gestaltung, die Inhalte oder die Urheberschaft der verlinkten\/verkn\u00fcpften Seiten hat der Autor keinerlei Einfluss. Deshalb distanziert er sich hiermit ausdr\u00fccklich von allen Inhalten aller verlinkten \/verkn\u00fcpften Seiten, die nach der Linksetzung ver\u00e4ndert wurden. Diese Feststellung gilt f\u00fcr alle innerhalb des eigenen Internetangebotes gesetzten Links und Verweise sowie f\u00fcr Fremdeintr\u00e4ge in vom Autor eingerichteten G\u00e4steb\u00fcchern, Diskussionsforen, Linkverzeichnissen, Mailinglisten und in allen anderen Formen von Datenbanken, auf deren Inhalt externe Schreibzugriffe m\u00f6glich sind. F\u00fcr illegale, fehlerhafte oder unvollst\u00e4ndige Inhalte und insbesondere f\u00fcr Sch\u00e4den, die aus der Nutzung oder Nichtnutzung solcherart dargebotener Informationen entstehen, haftet allein der Anbieter der Seite, auf welche verwiesen wurde, nicht derjenige, der \u00fcber Links auf die jeweilige Ver\u00f6ffentlichung lediglich verweist.<\/li>\n<li><strong> Urheber- und Kennzeichenrecht<\/strong><br \/>\nDer Autor ist bestrebt, in allen Publikationen die Urheberrechte der verwendeten Bilder, Grafiken, Tondokumente, Videosequenzen und Texte zu beachten, von ihm selbst erstellte Bilder, Grafiken, Tondokumente, Videosequenzen und Texte zu nutzen oder auf lizenzfreie Grafiken, Tondokumente, Videosequenzen und Texte zur\u00fcckzugreifen.<br \/>\nAlle innerhalb des Internetangebotes genannten und ggf. durch Dritte gesch\u00fctzten Marken- und Warenzeichen unterliegen uneingeschr\u00e4nkt den Bestimmungen des jeweils g\u00fcltigen Kennzeichenrechts und den Besitzrechten der jeweiligen eingetragenen Eigent\u00fcmer. Allein aufgrund der blo\u00dfen Nennung ist nicht der Schluss zu ziehen, dass Markenzeichen nicht durch Rechte Dritter gesch\u00fctzt sind!<br \/>\nDas Copyright f\u00fcr ver\u00f6ffentlichte, vom Autor selbst erstellte Objekte bleibt allein beim Autor der Seiten. Eine Vervielf\u00e4ltigung oder Verwendung solcher Grafiken, Tondokumente, Videosequenzen und Texte in anderen elektronischen oder gedruckten Publikationen ist ohne ausdr\u00fcckliche Zustimmung des Autors nicht gestattet.<\/li>\n<li><strong> Rechtswirksamkeit dieses Haftungsausschlusses<\/strong><br \/>\nDieser Haftungsausschluss ist als Teil des Internetangebotes zu betrachten, von dem aus auf diese Seite verwiesen wurde. Sofern Teile oder einzelne Formulierungen dieses Textes der geltenden Rechtslage nicht, nicht mehr oder nicht vollst\u00e4ndig entsprechen sollten, bleiben die \u00fcbrigen Teile des Dokumentes in ihrem Inhalt und ihrer G\u00fcltigkeit davon unber\u00fchrt.<\/li>\n<\/ol>\n","protected":false},"excerpt":{"rendered":"<p>Angaben gem\u00e4\u00df \u00a7 5 DDG Rechtliche Informationen und Kontakte Anschrift: Maklerb\u00fcro f\u00fcr Versicherungen &amp; Finanzen Chris Pannwitz Eduard-Bilz Stra\u00dfe 8 01445 Radebeul Weitere Kontaktaufnahmem\u00f6glichkeiten: Telefon: 0351\/ 888 268 22 Telefax: 0351 46561025 E-Mail:\u00a0info@dresden-versichern.de Verantwortlicher i.S.d. \u00a7 18 Abs. 2 MStV f\u00fcr die Inhalte dieser Internetseiten sowie f\u00fcr unsere Profile auf Xing, Facebook, Twitter &amp; YouTube: Chris Pannwitz Gesch\u00e4ftssitz: Eduard-Bilz Stra\u00dfe<\/p>\n<div class=\"read-more\"><a class=\"more-link\" href=\"https:\/\/www.dresden-versichern.de\/schadensmeldung\/impressum\/\">Read More &#8230;<\/a><\/div>\n","protected":false},"author":2,"featured_media":0,"parent":0,"menu_order":0,"comment_status":"closed","ping_status":"closed","template":"","meta":{"footnotes":""},"class_list":["post-57","page","type-page","status-publish","hentry"],"_links":{"self":[{"href":"https:\/\/www.dresden-versichern.de\/schadensmeldung\/wp-json\/wp\/v2\/pages\/57","targetHints":{"allow":["GET"]}}],"collection":[{"href":"https:\/\/www.dresden-versichern.de\/schadensmeldung\/wp-json\/wp\/v2\/pages"}],"about":[{"href":"https:\/\/www.dresden-versichern.de\/schadensmeldung\/wp-json\/wp\/v2\/types\/page"}],"author":[{"embeddable":true,"href":"https:\/\/www.dresden-versichern.de\/schadensmeldung\/wp-json\/wp\/v2\/users\/2"}],"replies":[{"embeddable":true,"href":"https:\/\/www.dresden-versichern.de\/schadensmeldung\/wp-json\/wp\/v2\/comments?post=57"}],"version-history":[{"count":17,"href":"https:\/\/www.dresden-versichern.de\/schadensmeldung\/wp-json\/wp\/v2\/pages\/57\/revisions"}],"predecessor-version":[{"id":134,"href":"https:\/\/www.dresden-versichern.de\/schadensmeldung\/wp-json\/wp\/v2\/pages\/57\/revisions\/134"}],"wp:attachment":[{"href":"https:\/\/www.dresden-versichern.de\/schadensmeldung\/wp-json\/wp\/v2\/media?parent=57"}],"curies":[{"name":"wp","href":"https:\/\/api.w.org\/{rel}","templated":true}]}}