{"id":97,"date":"2018-06-26T07:20:00","date_gmt":"2018-06-26T07:20:00","guid":{"rendered":"https:\/\/www.dresden-versichern.de\/schadensmeldung\/?page_id=97"},"modified":"2018-06-26T07:53:02","modified_gmt":"2018-06-26T07:53:02","slug":"termin-vereinbaren","status":"publish","type":"page","link":"https:\/\/www.dresden-versichern.de\/schadensmeldung\/termin-vereinbaren\/","title":{"rendered":"Termin vereinbaren"},"content":{"rendered":"<div role=\"form\" class=\"wpcf7\" id=\"wpcf7-f96-o1\" lang=\"de-DE\" dir=\"ltr\">\n<div class=\"screen-reader-response\"><p role=\"status\" aria-live=\"polite\" aria-atomic=\"true\"><\/p> <ul><\/ul><\/div>\n<form action=\"\/schadensmeldung\/wp-json\/wp\/v2\/pages\/97#wpcf7-f96-o1\" method=\"post\" class=\"wpcf7-form init\" novalidate=\"novalidate\" data-status=\"init\">\n<div style=\"display: none;\">\n<input type=\"hidden\" name=\"_wpcf7\" value=\"96\" \/>\n<input type=\"hidden\" name=\"_wpcf7_version\" value=\"5.6.2\" \/>\n<input type=\"hidden\" name=\"_wpcf7_locale\" value=\"de_DE\" \/>\n<input type=\"hidden\" name=\"_wpcf7_unit_tag\" value=\"wpcf7-f96-o1\" \/>\n<input type=\"hidden\" name=\"_wpcf7_container_post\" value=\"0\" \/>\n<input type=\"hidden\" name=\"_wpcf7_posted_data_hash\" value=\"\" \/>\n<input type=\"hidden\" name=\"_wpcf7_recaptcha_response\" value=\"\" \/>\n<\/div>\n<p><label> Vorname: *<br \/>\n    <span class=\"wpcf7-form-control-wrap\" data-name=\"your-name\"><input type=\"text\" name=\"your-name\" value=\"\" size=\"40\" class=\"wpcf7-form-control wpcf7-text wpcf7-validates-as-required\" aria-required=\"true\" aria-invalid=\"false\" \/><\/span> <\/label><\/p>\n<p><label> Name: *<br \/>\n    <span class=\"wpcf7-form-control-wrap\" data-name=\"nachname\"><input type=\"text\" name=\"nachname\" value=\"\" size=\"40\" class=\"wpcf7-form-control wpcf7-text wpcf7-validates-as-required\" aria-required=\"true\" aria-invalid=\"false\" \/><\/span> <\/label><\/p>\n<p><label> Telefon:<br \/>\n    <span class=\"wpcf7-form-control-wrap\" data-name=\"tel-846\"><input type=\"tel\" name=\"tel-846\" value=\"\" size=\"40\" class=\"wpcf7-form-control wpcf7-text wpcf7-tel wpcf7-validates-as-tel\" aria-invalid=\"false\" \/><\/span> <\/label><\/p>\n<p><label> E-Mail-Adresse: *<br \/>\n    <span class=\"wpcf7-form-control-wrap\" data-name=\"your-email\"><input type=\"email\" name=\"your-email\" value=\"\" size=\"40\" class=\"wpcf7-form-control wpcf7-text wpcf7-email wpcf7-validates-as-required wpcf7-validates-as-email\" aria-required=\"true\" aria-invalid=\"false\" \/><\/span> <\/label><\/p>\n<p><label> Sie sind:<br \/>\n    <span class=\"wpcf7-form-control-wrap\" data-name=\"menu-491\"><select name=\"menu-491\" class=\"wpcf7-form-control wpcf7-select\" aria-invalid=\"false\"><option value=\"Kunde\">Kunde<\/option><option value=\"Interessent\">Interessent<\/option><\/select><\/span> <\/label><\/p>\n<p><label> Sie w\u00fcnschen:<br \/>\n    <span class=\"wpcf7-form-control-wrap\" data-name=\"menu-499\"><select name=\"menu-499\" class=\"wpcf7-form-control wpcf7-select\" aria-invalid=\"false\"><option value=\"Telefongespr\u00e4ch\">Telefongespr\u00e4ch<\/option><option value=\"Pers\u00f6nliches Gespr\u00e4ch\">Pers\u00f6nliches Gespr\u00e4ch<\/option><\/select><\/span> <\/label><\/p>\n<p><label> Terminvorschlag (ins Feld klicken):<br \/>\n    <span class=\"wpcf7-form-control-wrap\" data-name=\"date-396\"><input type=\"date\" name=\"date-396\" value=\"\" class=\"wpcf7-form-control wpcf7-date wpcf7-validates-as-date\" aria-invalid=\"false\" \/><\/span> <\/label><\/p>\n<p><label> Alternativer Terminvorschlag (ins Feld klicken):<br \/>\n    <span class=\"wpcf7-form-control-wrap\" data-name=\"date-399\"><input type=\"date\" name=\"date-399\" value=\"\" class=\"wpcf7-form-control wpcf7-date wpcf7-validates-as-date\" aria-invalid=\"false\" \/><\/span> <\/label><\/p>\n<p><label> Nachricht:<br \/>\n    <span class=\"wpcf7-form-control-wrap\" data-name=\"your-message\"><textarea name=\"your-message\" cols=\"40\" rows=\"10\" class=\"wpcf7-form-control wpcf7-textarea\" aria-invalid=\"false\"><\/textarea><\/span> <\/label><\/p>\n<div style=\"border: 1px solid silver; padding:10px;\">\n<p>\n\tIhre Angaben werden selbstverst\u00e4ndlich vertraulich behandelt. Wir sichern Ihnen zu, Ihre pers\u00f6nlichen Daten ausschlie\u00dflich zum Zweck der Bearbeitung Ihrer Anfrage zu nutzen und nicht an Dritte weiterzugeben. Wir speichern Ihre Daten lediglich zur Kontaktaufnahme und l\u00f6schen sie, sobald die Zweckbindung entf\u00e4llt. Die Daten\u00fcbertragung erfolgt verschl\u00fcsselt.\n\t<\/p>\n<\/p>\n<\/div>\n<p><span class=\"wpcf7-form-control-wrap kc_captcha\"><span class=\"wpcf7-form-control wpcf7-radio\"> \n    <span class=\"captcha-image\" >\n        <span class=\"cf7ic_instructions\">Bitte beweise, dass du kein Spambot bist und w\u00e4hle das Symbol<span> Herz<\/span> aus.<\/span><label><input type=\"radio\" name=\"kc_captcha\" value=\"kc_human\" \/><svg width=\"50\" height=\"50\" aria-hidden=\"true\" role=\"img\" xmlns=\"https:\/\/www.w3.org\/2000\/svg\" viewBox=\"0 0 576 512\"><path fill=\"currentColor\" d=\"M415 24c-53 0-103 42-127 65-24-23-74-65-127-65C70 24 16 77 16 166c0 72 67 133 69 135l187 181c9 8 23 8 32 0l187-180c2-3 69-64 69-136 0-89-54-142-145-142z\"\/><\/svg><\/label><label><input type=\"radio\" name=\"kc_captcha\" value=\"bot\" \/><svg width=\"50\" height=\"50\" aria-hidden=\"true\" role=\"img\" xmlns=\"https:\/\/www.w3.org\/2000\/svg\" viewBox=\"0 0 512 512\"><path fill=\"currentColor\" d=\"M350 99c-54 0-98-35-166-35-25 0-47 4-68 12a56 56 0 004-24C118 24 95 1 66 0a56 56 0 00-34 102v386c0 13 11 24 24 24h16c13 0 24-11 24-24v-94c28-12 64-23 114-23 54 0 98 35 166 35 48 0 86-16 122-41 9-6 14-15 14-26V96c0-23-24-39-45-29-35 16-77 32-117 32z\"\/><\/svg><\/label><label><input type=\"radio\" name=\"kc_captcha\" value=\"bot\" \/><svg width=\"50\" height=\"50\" aria-hidden=\"true\" role=\"img\" xmlns=\"https:\/\/www.w3.org\/2000\/svg\" viewBox=\"0 0 640 512\"><path fill=\"currentColor\" d=\"M624 352h-16V244c0-13-5-25-14-34L494 110c-9-9-21-14-34-14h-44V48c0-26-21-48-48-48H48C22 0 0 22 0 48v320c0 27 22 48 48 48h16a96 96 0 00192 0h128a96 96 0 00192 0h48c9 0 16-7 16-16v-32c0-9-7-16-16-16zM160 464a48 48 0 110-96 48 48 0 010 96zm320 0a48 48 0 110-96 48 48 0 010 96zm80-208H416V144h44l100 100v12z\"\/><\/svg><\/label>\n    <\/span>\n    <span style=\"display:none\">\n        <input type=\"text\" name=\"kc_honeypot\">\n    <\/span><\/span><\/span><\/p>\n<p>&nbsp;<\/p>\n<p><input type=\"submit\" value=\"Senden\" class=\"wpcf7-form-control has-spinner wpcf7-submit\" \/><\/p>\n<div class=\"wpcf7-response-output\" aria-hidden=\"true\"><\/div><\/form><\/div>\n","protected":false},"excerpt":{"rendered":"Vorname: * Name: * Telefon: E-Mail-Adresse: * Sie sind: KundeInteressent Sie w\u00fcnschen: Telefongespr\u00e4chPers\u00f6nliches Gespr\u00e4ch Terminvorschlag (ins Feld klicken): Alternativer Terminvorschlag (ins Feld klicken): Nachricht: Ihre Angaben werden selbstverst\u00e4ndlich vertraulich behandelt. Wir sichern Ihnen zu, Ihre pers\u00f6nlichen Daten ausschlie\u00dflich zum Zweck der Bearbeitung Ihrer Anfrage zu nutzen und nicht an Dritte weiterzugeben. Wir speichern Ihre Daten lediglich zur Kontaktaufnahme und l\u00f6schen<div class=\"read-more\"><a class=\"more-link\" href=\"https:\/\/www.dresden-versichern.de\/schadensmeldung\/termin-vereinbaren\/\">Read More ...<\/a><\/div>","protected":false},"author":1,"featured_media":0,"parent":0,"menu_order":0,"comment_status":"closed","ping_status":"closed","template":"","meta":{"footnotes":""},"class_list":["post-97","page","type-page","status-publish","hentry"],"_links":{"self":[{"href":"https:\/\/www.dresden-versichern.de\/schadensmeldung\/wp-json\/wp\/v2\/pages\/97","targetHints":{"allow":["GET"]}}],"collection":[{"href":"https:\/\/www.dresden-versichern.de\/schadensmeldung\/wp-json\/wp\/v2\/pages"}],"about":[{"href":"https:\/\/www.dresden-versichern.de\/schadensmeldung\/wp-json\/wp\/v2\/types\/page"}],"author":[{"embeddable":true,"href":"https:\/\/www.dresden-versichern.de\/schadensmeldung\/wp-json\/wp\/v2\/users\/1"}],"replies":[{"embeddable":true,"href":"https:\/\/www.dresden-versichern.de\/schadensmeldung\/wp-json\/wp\/v2\/comments?post=97"}],"version-history":[{"count":4,"href":"https:\/\/www.dresden-versichern.de\/schadensmeldung\/wp-json\/wp\/v2\/pages\/97\/revisions"}],"predecessor-version":[{"id":101,"href":"https:\/\/www.dresden-versichern.de\/schadensmeldung\/wp-json\/wp\/v2\/pages\/97\/revisions\/101"}],"wp:attachment":[{"href":"https:\/\/www.dresden-versichern.de\/schadensmeldung\/wp-json\/wp\/v2\/media?parent=97"}],"curies":[{"name":"wp","href":"https:\/\/api.w.org\/{rel}","templated":true}]}}